{"id":27,"date":"2024-09-16T14:52:11","date_gmt":"2024-09-16T14:52:11","guid":{"rendered":"https:\/\/bychair.com\/?page_id=27"},"modified":"2026-02-26T12:51:22","modified_gmt":"2026-02-26T12:51:22","slug":"hakkimizda","status":"publish","type":"page","link":"https:\/\/peteksandalye.com\/index.php\/hakkimizda\/","title":{"rendered":"Hakk\u0131m\u0131zda"},"content":{"rendered":"<div class=\"wpb-content-wrapper\"><p>[vc_row el_id=&#8221;hakkimizda-row&#8221; woodmart_css_id=&#8221;63852e9a31382&#8243; responsive_spacing=&#8221;eyJwYXJhbV90eXBlIjoid29vZG1hcnRfcmVzcG9uc2l2ZV9zcGFjaW5nIiwic2VsZWN0b3JfaWQiOiI2Mzg1MmU5YTMxMzgyIiwic2hvcnRjb2RlIjoidmNfcm93IiwiZGF0YSI6eyJ0YWJsZXQiOnt9LCJtb2JpbGUiOnt9fX0=&#8221; mobile_bg_img_hidden=&#8221;no&#8221; tablet_bg_img_hidden=&#8221;no&#8221; woodmart_parallax=&#8221;0&#8243; woodmart_gradient_switch=&#8221;no&#8221; woodmart_box_shadow=&#8221;no&#8221; wd_z_index=&#8221;no&#8221; woodmart_disable_overflow=&#8221;0&#8243; row_reverse_mobile=&#8221;0&#8243; row_reverse_tablet=&#8221;0&#8243;][vc_column width=&#8221;1\/3&#8243;][vc_column_text woodmart_inline=&#8221;no&#8221; text_larger=&#8221;no&#8221;]<\/p>\n<div class=\"tile\">Hakk\u0131m\u0131zda<\/div>\n<p>[\/vc_column_text][\/vc_column][vc_column width=&#8221;2\/3&#8243;][vc_column_text css=&#8221;&#8221; woodmart_inline=&#8221;no&#8221; text_larger=&#8221;no&#8221;]<\/p>\n<div class=\"baslik1\">\u00dcretirken hayallerinizi dikkate almaktay\u0131z<\/div>\n<div class=\"sec-row\">\n<div class=\"yazi\">\n<p>Petek Sandalye, 2017 y\u0131l\u0131nda \u0130neg\u00f6l Organize Sanayi B\u00f6lgesi\u2019nde kurulmu\u015f ve ayn\u0131 y\u0131l kurumsalla\u015fma s\u00fcrecine girmi\u015ftir. \u201cAhsen Sandalye Tekstil Sanayi ve Ticaret Anonim \u015eirketi\u2019 unvan\u0131n\u0131 alan firmam\u0131z, kuruldu\u011fu ilk g\u00fcnden g\u00fcn\u00fcm\u00fcze ah\u015fap sandalye \u00fcretimi ve sat\u0131\u015f\u0131 alanlar\u0131nda faaliyet g\u00f6stermektedir. 650m2 ile ba\u015flayan \u00fcretim alan\u0131m\u0131z\u0131, 4000 m2 kapal\u0131 alana \u00e7\u0131kararak hizmet vermeye devam etmekteyiz.<\/p>\n<p>Ahsen Sandalye fabrikas\u0131, tomruk bi\u00e7me, f\u0131r\u0131nlama, ah\u015fap imalat, boya, diki\u015fhane, d\u00f6\u015feme, AR-GE \u00fcniteleri ve modern teknolojiye uygun makine parkuruyla, T.C. Orman \u0130\u015fletmeleri\u2019nden ihaleye girmek ve farkl\u0131 \u00fclkelerden a\u011fa\u00e7 almak suretiyle ald\u0131\u011f\u0131 tomruklar\u0131 ve keresteleri sandalyeye d\u00f6n\u00fc\u015ft\u00fcr\u00fcp m\u00fc\u015fterilerine sunan entegre bir tesistir. Ahsen Sandalye olarak, tescilli \u201cbychair\u201d markas\u0131 alt\u0131nda, \u00fclkemizin mobilya sekt\u00f6r\u00fcnde \u00f6nc\u00fc ve lider firmalar\u0131 olan de\u011ferli m\u00fc\u015fterilerimize, g\u00fcn\u00fcm\u00fcz kalite standartlar\u0131n\u0131n \u00f6tesinde hizmet vermeyi hedeflemekte, ger\u00e7ekle\u015ftirdi\u011fimiz ihracat yoluyla da \u00fclkemize katma de\u011fer sa\u011flamaktan sevin\u00e7 duymaktay\u0131z.<\/p>\n<\/div>\n<div class=\"yazi2\">\n<h5>Misyon<\/h5>\n<p>Petek Sandalye olarak, kaliteli ve yenilik\u00e7i sandalye tasar\u0131mlar\u0131m\u0131zla, kafe, bar ve proje bazl\u0131 i\u015flerde m\u00fc\u015fterilerimize estetik, konfor ve dayan\u0131kl\u0131l\u0131\u011f\u0131 bir arada sunmay\u0131 hedefliyoruz. Amac\u0131m\u0131z, hem yerel hem de uluslararas\u0131 platformlarda, m\u00fc\u015fteri odakl\u0131 yakla\u015f\u0131m\u0131m\u0131zla uzun s\u00fcreli ve g\u00fcvenilir i\u015f ortakl\u0131klar\u0131 kurarak, projelere de\u011fer katmakt\u0131r.<\/p>\n<h5>Vizyon<\/h5>\n<p>Petek Sandalye, mobilya sekt\u00f6r\u00fcnde lider bir marka olarak, d\u00fcnya genelinde tan\u0131nan ve tercih edilen bir sandalye \u00fcreticisi olmay\u0131 hedeflemektedir. Tasar\u0131mda fark yaratan, fuarlarda \u00f6nc\u00fc olan ve global pazarlarda kaliteyi temsil eden bir firma olarak gelecekte mobilya sekt\u00f6r\u00fcne y\u00f6n veren bir marka olmay\u0131 ama\u00e7l\u0131yoruz.<\/p>\n<\/div>\n<\/div>\n<p>[\/vc_column_text][\/vc_column][\/vc_row]<\/p>\n<\/div>","protected":false},"excerpt":{"rendered":"<p>[vc_row el_id=&#8221;hakkimizda-row&#8221; woodmart_css_id=&#8221;63852e9a31382&#8243; responsive_spacing=&#8221;eyJwYXJhbV90eXBlIjoid29vZG1hcnRfcmVzcG9uc2l2ZV9zcGFjaW5nIiwic2VsZWN0b3JfaWQiOiI2Mzg1MmU5YTMxMzgyIiwic2hvcnRjb2RlIjoidmNfcm93IiwiZGF0YSI6eyJ0YWJsZXQiOnt9LCJtb2JpbGUiOnt9fX0=&#8221; mobile_bg_img_hidden=&#8221;no&#8221; tablet_bg_img_hidden=&#8221;no&#8221; woodmart_parallax=&#8221;0&#8243; woodmart_gradient_switch=&#8221;no&#8221; woodmart_box_shadow=&#8221;no&#8221; wd_z_index=&#8221;no&#8221; woodmart_disable_overflow=&#8221;0&#8243; row_reverse_mobile=&#8221;0&#8243; row_reverse_tablet=&#8221;0&#8243;][vc_column width=&#8221;1\/3&#8243;][vc_column_text woodmart_inline=&#8221;no&#8221; text_larger=&#8221;no&#8221;] Hakk\u0131m\u0131zda [\/vc_column_text][\/vc_column][vc_column width=&#8221;2\/3&#8243;][vc_column_text css=&#8221;&#8221;<\/p>\n","protected":false},"author":1,"featured_media":0,"parent":0,"menu_order":0,"comment_status":"closed","ping_status":"closed","template":"","meta":{"footnotes":""},"class_list":["post-27","page","type-page","status-publish","hentry"],"_links":{"self":[{"href":"https:\/\/peteksandalye.com\/index.php\/wp-json\/wp\/v2\/pages\/27","targetHints":{"allow":["GET"]}}],"collection":[{"href":"https:\/\/peteksandalye.com\/index.php\/wp-json\/wp\/v2\/pages"}],"about":[{"href":"https:\/\/peteksandalye.com\/index.php\/wp-json\/wp\/v2\/types\/page"}],"author":[{"embeddable":true,"href":"https:\/\/peteksandalye.com\/index.php\/wp-json\/wp\/v2\/users\/1"}],"replies":[{"embeddable":true,"href":"https:\/\/peteksandalye.com\/index.php\/wp-json\/wp\/v2\/comments?post=27"}],"version-history":[{"count":4,"href":"https:\/\/peteksandalye.com\/index.php\/wp-json\/wp\/v2\/pages\/27\/revisions"}],"predecessor-version":[{"id":669,"href":"https:\/\/peteksandalye.com\/index.php\/wp-json\/wp\/v2\/pages\/27\/revisions\/669"}],"wp:attachment":[{"href":"https:\/\/peteksandalye.com\/index.php\/wp-json\/wp\/v2\/media?parent=27"}],"curies":[{"name":"wp","href":"https:\/\/api.w.org\/{rel}","templated":true}]}}